{"id":2,"date":"2019-06-22T20:07:34","date_gmt":"2019-06-22T20:07:34","guid":{"rendered":"https:\/\/rozsakert.eu\/?page_id=2"},"modified":"2020-06-22T00:41:26","modified_gmt":"2020-06-21T22:41:26","slug":"directions","status":"publish","type":"page","link":"https:\/\/rozsakert.eu\/?page_id=2","title":{"rendered":"Directions"},"content":{"rendered":"\n<p><\/p>\n\n\n\n<h2 class=\"wp-block-heading\"><strong><a href=\"https:\/\/rozsakert.eu\/wp-admin\/post.php?post=2&amp;action=edit\">\u00datbaigaz\u00edt\u00e1s \/ Richtung \/ Directions<\/a><\/strong><\/h2>\n\n\n<div id=\"wpgmza_map\" class=\"wpgmza_map\" data-settings='{\"id\":\"1\",\"map_title\":\"Rozsakert Etterem\",\"map_width\":\"100\",\"map_height\":\"400\",\"map_start_lat\":\"46.702788\",\"map_start_lng\":\"17.417390\",\"map_start_location\":\"46.702788034972954,17.4173899974865\",\"map_start_zoom\":\"15\",\"default_marker\":\"0\",\"type\":\"1\",\"alignment\":\"2\",\"directions_enabled\":\"1\",\"styling_enabled\":\"0\",\"styling_json\":\"\",\"active\":\"0\",\"kml\":\"\",\"bicycle\":\"0\",\"traffic\":\"0\",\"dbox\":\"1\",\"dbox_width\":\"100\",\"listmarkers\":\"0\",\"listmarkers_advanced\":\"0\",\"filterbycat\":\"0\",\"ugm_enabled\":\"0\",\"ugm_category_enabled\":\"0\",\"fusion\":\"\",\"map_width_type\":\"\\\\%\",\"map_height_type\":\"px\",\"mass_marker_support\":\"1\",\"ugm_access\":\"0\",\"order_markers_by\":\"1\",\"order_markers_choice\":\"2\",\"show_user_location\":\"0\",\"default_to\":\"\",\"other_settings\":{\"store_locator_enabled\":2,\"store_locator_distance\":2,\"store_locator_default_radius\":10,\"store_locator_not_found_message\":\"No results found in this location. Please try again.\",\"store_locator_bounce\":1,\"store_locator_query_string\":\"ZIP \\\/ Address:\",\"store_locator_default_address\":\"\",\"wpgmza_store_locator_restrict\":\"\",\"wpgmza_store_locator_radius_style\":\"modern\",\"map_max_zoom\":\"1\",\"transport_layer\":0,\"wpgmza_theme_data\":\"\",\"wpgmza_show_points_of_interest\":1,\"wpgmza_auto_night\":0}}' data-map-id='1' Data-maps-engine='google-maps' data-shortcode-attributes='{\"id\":\"1\"}' style=\"display:block; overflow:auto; width:100%; height:400px; float:left;\"><\/div>\n\n\n<hr class=\"wp-block-separator\"\/>\n\n\n\n<figure class=\"wp-block-table is-style-stripes\"><table><tbody><tr><td>+36\/30-521-7036 info@rozsakert.eu +36\/20-452-6448<\/td><td>Nyitvatart\u00e1s\/ \u00d6ffnungzeit\/ Hours<br>Monday-Sunday<br>12:00-22:00<\/td><td>C\u00edm\/ Adresse\/ Adress<br>Balatonkereszt\u00far<br>Ak\u00e1cfa utca 51.<\/td><\/tr><\/tbody><\/table><\/figure>\n\n\n\n<p><\/p>\n","protected":false},"excerpt":{"rendered":"<p>\u00datbaigaz\u00edt\u00e1s \/ Richtung \/ Directions +36\/30-521-7036 info@rozsakert.eu +36\/20-452-6448 Nyitvatart\u00e1s\/ \u00d6ffnungzeit\/<span class=\"more-button\"><a href=\"https:\/\/rozsakert.eu\/?page_id=2\" class=\"more-link\">Continue reading<span class=\"screen-reader-text\">Directions<\/span><\/a><\/span><\/p>\n","protected":false},"author":1,"featured_media":0,"parent":0,"menu_order":2,"comment_status":"closed","ping_status":"closed","template":"","meta":{"footnotes":""},"class_list":["post-2","page","type-page","status-publish","hentry"],"jetpack_sharing_enabled":true,"_links":{"self":[{"href":"https:\/\/rozsakert.eu\/index.php?rest_route=\/wp\/v2\/pages\/2","targetHints":{"allow":["GET"]}}],"collection":[{"href":"https:\/\/rozsakert.eu\/index.php?rest_route=\/wp\/v2\/pages"}],"about":[{"href":"https:\/\/rozsakert.eu\/index.php?rest_route=\/wp\/v2\/types\/page"}],"author":[{"embeddable":true,"href":"https:\/\/rozsakert.eu\/index.php?rest_route=\/wp\/v2\/users\/1"}],"replies":[{"embeddable":true,"href":"https:\/\/rozsakert.eu\/index.php?rest_route=%2Fwp%2Fv2%2Fcomments&post=2"}],"version-history":[{"count":12,"href":"https:\/\/rozsakert.eu\/index.php?rest_route=\/wp\/v2\/pages\/2\/revisions"}],"predecessor-version":[{"id":218,"href":"https:\/\/rozsakert.eu\/index.php?rest_route=\/wp\/v2\/pages\/2\/revisions\/218"}],"wp:attachment":[{"href":"https:\/\/rozsakert.eu\/index.php?rest_route=%2Fwp%2Fv2%2Fmedia&parent=2"}],"curies":[{"name":"wp","href":"https:\/\/api.w.org\/{rel}","templated":true}]}}